{"id":58,"date":"2017-09-02T10:36:11","date_gmt":"2017-09-02T08:36:11","guid":{"rendered":"http:\/\/todtot.de\/?page_id=58"},"modified":"2017-09-02T10:41:19","modified_gmt":"2017-09-02T08:41:19","slug":"abgeleitete-worte","status":"publish","type":"page","link":"https:\/\/todtot.de\/?page_id=58","title":{"rendered":"Abgeleitete Worte"},"content":{"rendered":"<p>Hier wird demn\u00e4chst eine umfassendere Erkl\u00e4rung zur Bildung abgeleiteter Worte ver\u00f6ffentlicht.<\/p>\n","protected":false},"excerpt":{"rendered":"<p>Hier wird demn\u00e4chst eine umfassendere Erkl\u00e4rung zur Bildung abgeleiteter Worte ver\u00f6ffentlicht.<\/p>\n","protected":false},"author":2,"featured_media":0,"parent":0,"menu_order":10,"comment_status":"closed","ping_status":"closed","template":"","meta":{"footnotes":""},"class_list":["post-58","page","type-page","status-publish","hentry"],"_links":{"self":[{"href":"https:\/\/todtot.de\/index.php?rest_route=\/wp\/v2\/pages\/58","targetHints":{"allow":["GET"]}}],"collection":[{"href":"https:\/\/todtot.de\/index.php?rest_route=\/wp\/v2\/pages"}],"about":[{"href":"https:\/\/todtot.de\/index.php?rest_route=\/wp\/v2\/types\/page"}],"author":[{"embeddable":true,"href":"https:\/\/todtot.de\/index.php?rest_route=\/wp\/v2\/users\/2"}],"replies":[{"embeddable":true,"href":"https:\/\/todtot.de\/index.php?rest_route=%2Fwp%2Fv2%2Fcomments&post=58"}],"version-history":[{"count":3,"href":"https:\/\/todtot.de\/index.php?rest_route=\/wp\/v2\/pages\/58\/revisions"}],"predecessor-version":[{"id":61,"href":"https:\/\/todtot.de\/index.php?rest_route=\/wp\/v2\/pages\/58\/revisions\/61"}],"wp:attachment":[{"href":"https:\/\/todtot.de\/index.php?rest_route=%2Fwp%2Fv2%2Fmedia&parent=58"}],"curies":[{"name":"wp","href":"https:\/\/api.w.org\/{rel}","templated":true}]}}