{"id":62,"date":"2017-09-02T10:42:36","date_gmt":"2017-09-02T08:42:36","guid":{"rendered":"http:\/\/todtot.de\/?page_id=62"},"modified":"2017-10-23T10:07:33","modified_gmt":"2017-10-23T08:07:33","slug":"wortliste","status":"publish","type":"page","link":"https:\/\/todtot.de\/?page_id=62","title":{"rendered":"Wortliste &#8211; Was schreibe ich wie?"},"content":{"rendered":"<p><span style=\"color: #808080;\">Wie schreibe ich ein Wort, das aus einer Verbindung mit &#8222;Tod&#8220; oder &#8222;tot&#8220; entsteht?<\/span><\/p>\n<p><span style=\"color: #808080;\">1.) Mit &#8222;tot&#8220; zusammengesetzte, bzw. von &#8222;tot&#8220; abgeleitete Worte:<\/span><\/p>\n<p>halbtot<br \/>\nhirntot<br \/>\nmausetot<br \/>\nmundtot<br \/>\nscheintot<br \/>\ntot\u00e4rgern<br \/>\ntotbei\u00dfen<br \/>\nToteis<br \/>\ntoten\u00e4hnlich<br \/>\nTotenbett<br \/>\ntotenblass<br \/>\nTotenfeier<br \/>\nTotenfest<br \/>\nTotenfleck<br \/>\nTotengr\u00e4ber<br \/>\nTotenhemd<br \/>\nTotenkopf<br \/>\nTotenkult<br \/>\nTotenreich<br \/>\nTotenruhe<br \/>\nTotensonntag<br \/>\nTotentanz<br \/>\ntotenstill<br \/>\nTotenstille<br \/>\ntotfahren<br \/>\ntotgeboren<br \/>\nTotgeburt<br \/>\ntotgehen<br \/>\nTotgesagter<br \/>\nTotgewicht<br \/>\nTotholz<br \/>\ntotkriegen<br \/>\ntotlachen<br \/>\nTotlage<br \/>\nTotlast<br \/>\nTotmannschalter<br \/>\nTotpunkt<br \/>\ntotreden<br \/>\nTotreife<br \/>\ntotsagen<br \/>\nTotschl\u00e4ger<br \/>\nTotschlag<br \/>\nTotschlagargument<br \/>\ntotschlagen<br \/>\ntotschweigen<br \/>\ntotstechen<br \/>\ntotst\u00fcrzen<br \/>\ntottrinken<br \/>\nTotzeit<br \/>\nuntot<\/p>\n<p>&nbsp;<\/p>\n<p><span style=\"color: #808080;\">2.) Mit &#8222;Tod&#8220; zusammengesetzte, bzw. von &#8222;Tod&#8220; abgeleitete Worte:<\/span><\/p>\n<p>Todesdatum<br \/>\nTodesdrohung<br \/>\nTodesengel<br \/>\nTodeserfahrung<br \/>\nTodeserkl\u00e4rung<br \/>\nTodesfahrt<br \/>\nTodesfall<br \/>\nTodesfalle<br \/>\nTodesflug<br \/>\nTodesfolge<br \/>\nTodesfurcht<br \/>\nTodesgedanken<br \/>\nTodesgefahr<br \/>\nTodesjahr<br \/>\nTodeskampf<br \/>\nTodeskandidat<br \/>\nTodeslager<br \/>\nTodesmut<br \/>\ntodesmutig<br \/>\nTodesnachricht<br \/>\nTodesopfer<br \/>\nTodesqual<br \/>\nTodesrate<br \/>\nTodesritt<br \/>\nTodesschrei<br \/>\nTodesch\u00fctze<br \/>\nTodesschuss<br \/>\nTodessto\u00df<br \/>\nTodesstrafe<br \/>\nTodesstreifen<br \/>\nTodestag<br \/>\nTodestrakt<br \/>\nTodesursache<br \/>\nTodesurteil<br \/>\ntodesverachtend<br \/>\nTodesverachtung<br \/>\nTodeszeit<br \/>\nTodeszelle<br \/>\nTodeszone<br \/>\ntodfeind<br \/>\nTodfeind<br \/>\ntodgeweiht<br \/>\nTodgeweihter<br \/>\ntodkrank<br \/>\nTodkranker<br \/>\ntodlangweilig<br \/>\nt\u00f6dlich<br \/>\ntodm\u00fcde<br \/>\ntodschick<br \/>\ntodsicher<br \/>\nTods\u00fcnde<br \/>\ntodtraurig<br \/>\ntodungl\u00fccklich<br \/>\nTodesmeldung<br \/>\nTodesmut<br \/>\nTodesschrei<br \/>\nTodeszeitpunkt<\/p>\n","protected":false},"excerpt":{"rendered":"<p>Wie schreibe ich ein Wort, das aus einer Verbindung mit &#8222;Tod&#8220; oder &#8222;tot&#8220; entsteht? 1.) Mit &#8222;tot&#8220; zusammengesetzte, bzw. von &#8222;tot&#8220; abgeleitete Worte: halbtot hirntot mausetot mundtot scheintot tot\u00e4rgern totbei\u00dfen Toteis toten\u00e4hnlich Totenbett totenblass Totenfeier Totenfest Totenfleck Totengr\u00e4ber Totenhemd Totenkopf Totenkult Totenreich Totenruhe Totensonntag Totentanz totenstill Totenstille totfahren totgeboren Totgeburt totgehen Totgesagter Totgewicht Totholz totkriegen <a class=\"more-link\" href=\"https:\/\/todtot.de\/?page_id=62\">weiterlesen&#8230;<\/a><\/p>\n","protected":false},"author":2,"featured_media":0,"parent":0,"menu_order":20,"comment_status":"closed","ping_status":"closed","template":"","meta":{"footnotes":""},"class_list":["post-62","page","type-page","status-publish","hentry"],"_links":{"self":[{"href":"https:\/\/todtot.de\/index.php?rest_route=\/wp\/v2\/pages\/62","targetHints":{"allow":["GET"]}}],"collection":[{"href":"https:\/\/todtot.de\/index.php?rest_route=\/wp\/v2\/pages"}],"about":[{"href":"https:\/\/todtot.de\/index.php?rest_route=\/wp\/v2\/types\/page"}],"author":[{"embeddable":true,"href":"https:\/\/todtot.de\/index.php?rest_route=\/wp\/v2\/users\/2"}],"replies":[{"embeddable":true,"href":"https:\/\/todtot.de\/index.php?rest_route=%2Fwp%2Fv2%2Fcomments&post=62"}],"version-history":[{"count":25,"href":"https:\/\/todtot.de\/index.php?rest_route=\/wp\/v2\/pages\/62\/revisions"}],"predecessor-version":[{"id":103,"href":"https:\/\/todtot.de\/index.php?rest_route=\/wp\/v2\/pages\/62\/revisions\/103"}],"wp:attachment":[{"href":"https:\/\/todtot.de\/index.php?rest_route=%2Fwp%2Fv2%2Fmedia&parent=62"}],"curies":[{"name":"wp","href":"https:\/\/api.w.org\/{rel}","templated":true}]}}